{"id":4136,"date":"2024-01-31T01:01:42","date_gmt":"2024-01-31T00:01:42","guid":{"rendered":"https:\/\/mezkla.com\/?post_type=product&#038;p=4136"},"modified":"2025-09-23T16:14:01","modified_gmt":"2025-09-23T22:14:01","slug":"chai-real","status":"publish","type":"product","link":"https:\/\/mezkla.com\/eng\/product\/chai-real\/","title":{"rendered":"CHAI REAL"},"content":{"rendered":"<p><img fetchpriority=\"high\" decoding=\"async\" class=\"alignleft wp-image-5224\" src=\"https:\/\/mezkla.com\/wp-content\/uploads\/2024\/04\/tabla-periodica-chai-en.png\" alt=\"\" width=\"350\" height=\"773\" srcset=\"https:\/\/mezkla.com\/wp-content\/uploads\/2024\/04\/tabla-periodica-chai-en.png 530w, https:\/\/mezkla.com\/wp-content\/uploads\/2024\/04\/tabla-periodica-chai-en-136x300.png 136w, https:\/\/mezkla.com\/wp-content\/uploads\/2024\/04\/tabla-periodica-chai-en-463x1024.png 463w, https:\/\/mezkla.com\/wp-content\/uploads\/2024\/04\/tabla-periodica-chai-en-5x12.png 5w\" sizes=\"(max-width: 350px) 100vw, 350px\" \/>.\u00a0 \u00a0 \u00a0 \u00a0 \u00a0 \u00a0 \u00a0 \u00a0 \u00a0 \u00a0 <img decoding=\"async\" class=\"alignnone wp-image-5225\" src=\"https:\/\/mezkla.com\/wp-content\/uploads\/2024\/04\/ingredientes-chai-en.png\" alt=\"\" width=\"350\" height=\"519\" srcset=\"https:\/\/mezkla.com\/wp-content\/uploads\/2024\/04\/ingredientes-chai-en.png 528w, https:\/\/mezkla.com\/wp-content\/uploads\/2024\/04\/ingredientes-chai-en-210x300.png 210w, https:\/\/mezkla.com\/wp-content\/uploads\/2024\/04\/ingredientes-chai-en-8x12.png 8w\" sizes=\"(max-width: 350px) 100vw, 350px\" \/><\/p>","protected":false},"excerpt":{"rendered":"<p>HISTORY<\/p>\n<p>This chai is one of a kind, just like you. It enjoys playfulness and creativity, inviting you to co-create. These spices warm your system with presence and intense flavor. Explore the connection with yourself and celebra-tea in the company of the here and now.<span class=\"Apple-converted-space\">\u00a0 <\/span>Explora la conexi\u00f3n contigo y celebra-t\u00e9 en compa\u00f1\u00eda del aqu\u00ed y del ahora.<\/p>\n<p>&nbsp;<\/p>\n<p>RECIPE<\/p>\n<p>_______________________________________<\/p>\n<p>&nbsp;<\/p>\n<p style=\"padding-left: 80px;\">Mix equal parts with the milk of your choice. Moderate the intensity to your liking by serving it less or more concentrated and enjoy it hot or cold.<\/p>","protected":false},"featured_media":5032,"template":"","meta":{"site-sidebar-layout":"default","site-content-layout":"","ast-site-content-layout":"default","site-content-style":"default","site-sidebar-style":"default","ast-global-header-display":"","ast-banner-title-visibility":"","ast-main-header-display":"","ast-hfb-above-header-display":"","ast-hfb-below-header-display":"","ast-hfb-mobile-header-display":"","site-post-title":"","ast-breadcrumbs-content":"","ast-featured-img":"","footer-sml-layout":"","theme-transparent-header-meta":"default","adv-header-id-meta":"","stick-header-meta":"","header-above-stick-meta":"","header-main-stick-meta":"","header-below-stick-meta":"","astra-migrate-meta-layouts":"set","ast-page-background-enabled":"default","ast-page-background-meta":{"desktop":{"background-color":"var(--ast-global-color-4)","background-image":"","background-repeat":"repeat","background-position":"center center","background-size":"auto","background-attachment":"scroll","background-type":"","background-media":"","overlay-type":"","overlay-color":"","overlay-opacity":"","overlay-gradient":""},"tablet":{"background-color":"","background-image":"","background-repeat":"repeat","background-position":"center center","background-size":"auto","background-attachment":"scroll","background-type":"","background-media":"","overlay-type":"","overlay-color":"","overlay-opacity":"","overlay-gradient":""},"mobile":{"background-color":"","background-image":"","background-repeat":"repeat","background-position":"center center","background-size":"auto","background-attachment":"scroll","background-type":"","background-media":"","overlay-type":"","overlay-color":"","overlay-opacity":"","overlay-gradient":""}},"ast-content-background-meta":{"desktop":{"background-color":"var(--ast-global-color-5)","background-image":"","background-repeat":"repeat","background-position":"center center","background-size":"auto","background-attachment":"scroll","background-type":"","background-media":"","overlay-type":"","overlay-color":"","overlay-opacity":"","overlay-gradient":""},"tablet":{"background-color":"var(--ast-global-color-5)","background-image":"","background-repeat":"repeat","background-position":"center center","background-size":"auto","background-attachment":"scroll","background-type":"","background-media":"","overlay-type":"","overlay-color":"","overlay-opacity":"","overlay-gradient":""},"mobile":{"background-color":"var(--ast-global-color-5)","background-image":"","background-repeat":"repeat","background-position":"center center","background-size":"auto","background-attachment":"scroll","background-type":"","background-media":"","overlay-type":"","overlay-color":"","overlay-opacity":"","overlay-gradient":""}}},"product_brand":[],"product_cat":[113],"product_tag":[],"class_list":{"0":"post-4136","1":"product","2":"type-product","3":"status-publish","4":"has-post-thumbnail","6":"product_cat-especias","7":"desktop-align-left","8":"tablet-align-left","9":"mobile-align-left","11":"first","12":"instock","13":"shipping-taxable","14":"purchasable","15":"product-type-simple"},"_links":{"self":[{"href":"https:\/\/mezkla.com\/eng\/wp-json\/wp\/v2\/product\/4136","targetHints":{"allow":["GET"]}}],"collection":[{"href":"https:\/\/mezkla.com\/eng\/wp-json\/wp\/v2\/product"}],"about":[{"href":"https:\/\/mezkla.com\/eng\/wp-json\/wp\/v2\/types\/product"}],"wp:featuredmedia":[{"embeddable":true,"href":"https:\/\/mezkla.com\/eng\/wp-json\/wp\/v2\/media\/5032"}],"wp:attachment":[{"href":"https:\/\/mezkla.com\/eng\/wp-json\/wp\/v2\/media?parent=4136"}],"wp:term":[{"taxonomy":"product_brand","embeddable":true,"href":"https:\/\/mezkla.com\/eng\/wp-json\/wp\/v2\/product_brand?post=4136"},{"taxonomy":"product_cat","embeddable":true,"href":"https:\/\/mezkla.com\/eng\/wp-json\/wp\/v2\/product_cat?post=4136"},{"taxonomy":"product_tag","embeddable":true,"href":"https:\/\/mezkla.com\/eng\/wp-json\/wp\/v2\/product_tag?post=4136"}],"curies":[{"name":"wp","href":"https:\/\/api.w.org\/{rel}","templated":true}]}}