{"id":3765,"date":"2024-01-11T20:13:01","date_gmt":"2024-01-11T19:13:01","guid":{"rendered":"https:\/\/mezkla.com\/?page_id=3765"},"modified":"2024-04-16T04:37:03","modified_gmt":"2024-04-16T02:37:03","slug":"acerca","status":"publish","type":"page","link":"https:\/\/mezkla.com\/eng\/acerca\/","title":{"rendered":"Acerca"},"content":{"rendered":"<div data-elementor-type=\"wp-page\" data-elementor-id=\"3765\" class=\"elementor elementor-3765\" data-elementor-post-type=\"page\">\n\t\t\t\t<div class=\"elementor-element elementor-element-98d0c8a e-flex e-con-boxed e-con e-parent\" data-id=\"98d0c8a\" data-element_type=\"container\" data-e-type=\"container\" data-settings=\"{&quot;background_background&quot;:&quot;classic&quot;}\">\n\t\t\t\t\t<div class=\"e-con-inner\">\n\t\t<div class=\"elementor-element elementor-element-fde10b2 e-con-full e-flex e-con e-child\" data-id=\"fde10b2\" data-element_type=\"container\" data-e-type=\"container\">\n\t\t\t\t<\/div>\n\t\t<div class=\"elementor-element elementor-element-fb8c213 e-con-full e-flex e-con e-child\" data-id=\"fb8c213\" data-element_type=\"container\" data-e-type=\"container\" data-settings=\"{&quot;background_background&quot;:&quot;classic&quot;}\">\n\t\t\t\t<div class=\"elementor-element elementor-element-b9b3a01 elementor-widget elementor-widget-image\" data-id=\"b9b3a01\" data-element_type=\"widget\" data-e-type=\"widget\" data-widget_type=\"image.default\">\n\t\t\t\t<div class=\"elementor-widget-container\">\n\t\t\t\t\t\t\t\t\t\t\t\t\t\t\t<img decoding=\"async\" width=\"229\" height=\"164\" src=\"https:\/\/mezkla.com\/wp-content\/uploads\/2024\/01\/logo_about.png\" class=\"attachment-large size-large wp-image-3768\" alt=\"\" \/>\t\t\t\t\t\t\t\t\t\t\t\t\t\t\t<\/div>\n\t\t\t\t<\/div>\n\t\t\t\t<div class=\"elementor-element elementor-element-6d2ac04 elementor-widget elementor-widget-heading\" data-id=\"6d2ac04\" data-element_type=\"widget\" data-e-type=\"widget\" data-widget_type=\"heading.default\">\n\t\t\t\t<div class=\"elementor-widget-container\">\n\t\t\t\t\t<h2 class=\"elementor-heading-title elementor-size-default\">My name is Teresa. <br>  <br>\n\nI am a curious by profession. When something captivates me, I allow myself to delve deep. The inquiry into spices left me speechless. Who are these beings from the world of plants with the ability to create and destroy empires? Hence arises Mezkla, from the desire to recount their adventures around the planet, which coincide with mine. They are travelers, like me. I have spent thirteen years studying the spiced universe and creatively embarking to bring messages revealed by the spirit of these plants to collective consciousness.<br><br>\nLike you, I am a unique combination of cultures, customs, and experiences. I am a published writer by being a professional observer. I have always enjoyed closely observing life.  <br><br>\nIn this entrepreneurial journey, I have experienced emotional ups and downs and health challenges that have led me to an incessant quest for well-being. Here I am, as a result of these fruits, sharing the wisdom found. I rediscovered myself through nature and its rhythms. The timeless presence of ancestral practices called me to remember. I was able to recognize gifts to channel with words, astrology, and spices. I offer sensory explorations between human-being and spice-being. I am committed to sustaining the eternal gaze of inter-being.\n<\/h2>\t\t\t\t<\/div>\n\t\t\t\t<\/div>\n\t\t\t\t<\/div>\n\t\t\t\t\t<\/div>\n\t\t\t\t<\/div>\n\t\t\t\t<\/div>","protected":false},"excerpt":{"rendered":"<p>Me llamo Teresa. Soy curiosa de profesi\u00f3n. Cuando algo me apasiona, me permito ir a lo m\u00e1s profundo. La indagaci\u00f3n sobre las especias me dej\u00f3 boquiabierta. \u00bfQui\u00e9nes son estos seres del mundo de las plantas con capacidad de crear y destruir imperios? De ah\u00ed nace Mezkla, de las ganas de contar sus aventuras por el [&hellip;]<\/p>\n","protected":false},"author":1,"featured_media":0,"parent":0,"menu_order":0,"comment_status":"closed","ping_status":"closed","template":"elementor_header_footer","meta":{"site-sidebar-layout":"no-sidebar","site-content-layout":"page-builder","ast-site-content-layout":"full-width-container","site-content-style":"default","site-sidebar-style":"default","ast-global-header-display":"","ast-banner-title-visibility":"","ast-main-header-display":"","ast-hfb-above-header-display":"","ast-hfb-below-header-display":"","ast-hfb-mobile-header-display":"","site-post-title":"disabled","ast-breadcrumbs-content":"","ast-featured-img":"disabled","footer-sml-layout":"","theme-transparent-header-meta":"","adv-header-id-meta":"","stick-header-meta":"","header-above-stick-meta":"","header-main-stick-meta":"","header-below-stick-meta":"","astra-migrate-meta-layouts":"set","ast-page-background-enabled":"default","ast-page-background-meta":{"desktop":{"background-color":"var(--ast-global-color-4)","background-image":"","background-repeat":"repeat","background-position":"center center","background-size":"auto","background-attachment":"scroll","background-type":"","background-media":"","overlay-type":"","overlay-color":"","overlay-opacity":"","overlay-gradient":""},"tablet":{"background-color":"","background-image":"","background-repeat":"repeat","background-position":"center center","background-size":"auto","background-attachment":"scroll","background-type":"","background-media":"","overlay-type":"","overlay-color":"","overlay-opacity":"","overlay-gradient":""},"mobile":{"background-color":"","background-image":"","background-repeat":"repeat","background-position":"center center","background-size":"auto","background-attachment":"scroll","background-type":"","background-media":"","overlay-type":"","overlay-color":"","overlay-opacity":"","overlay-gradient":""}},"ast-content-background-meta":{"desktop":{"background-color":"var(--ast-global-color-5)","background-image":"","background-repeat":"repeat","background-position":"center center","background-size":"auto","background-attachment":"scroll","background-type":"","background-media":"","overlay-type":"","overlay-color":"","overlay-opacity":"","overlay-gradient":""},"tablet":{"background-color":"var(--ast-global-color-5)","background-image":"","background-repeat":"repeat","background-position":"center center","background-size":"auto","background-attachment":"scroll","background-type":"","background-media":"","overlay-type":"","overlay-color":"","overlay-opacity":"","overlay-gradient":""},"mobile":{"background-color":"var(--ast-global-color-5)","background-image":"","background-repeat":"repeat","background-position":"center center","background-size":"auto","background-attachment":"scroll","background-type":"","background-media":"","overlay-type":"","overlay-color":"","overlay-opacity":"","overlay-gradient":""}},"footnotes":""},"class_list":["post-3765","page","type-page","status-publish","hentry"],"_links":{"self":[{"href":"https:\/\/mezkla.com\/eng\/wp-json\/wp\/v2\/pages\/3765","targetHints":{"allow":["GET"]}}],"collection":[{"href":"https:\/\/mezkla.com\/eng\/wp-json\/wp\/v2\/pages"}],"about":[{"href":"https:\/\/mezkla.com\/eng\/wp-json\/wp\/v2\/types\/page"}],"author":[{"embeddable":true,"href":"https:\/\/mezkla.com\/eng\/wp-json\/wp\/v2\/users\/1"}],"replies":[{"embeddable":true,"href":"https:\/\/mezkla.com\/eng\/wp-json\/wp\/v2\/comments?post=3765"}],"version-history":[{"count":50,"href":"https:\/\/mezkla.com\/eng\/wp-json\/wp\/v2\/pages\/3765\/revisions"}],"predecessor-version":[{"id":5287,"href":"https:\/\/mezkla.com\/eng\/wp-json\/wp\/v2\/pages\/3765\/revisions\/5287"}],"wp:attachment":[{"href":"https:\/\/mezkla.com\/eng\/wp-json\/wp\/v2\/media?parent=3765"}],"curies":[{"name":"wp","href":"https:\/\/api.w.org\/{rel}","templated":true}]}}