{"id":3724,"date":"2024-01-11T19:25:11","date_gmt":"2024-01-11T18:25:11","guid":{"rendered":"https:\/\/mezkla.com\/?page_id=3724"},"modified":"2024-04-16T04:41:13","modified_gmt":"2024-04-16T02:41:13","slug":"contacto","status":"publish","type":"page","link":"https:\/\/mezkla.com\/eng\/contacto\/","title":{"rendered":"Contacto"},"content":{"rendered":"<div data-elementor-type=\"wp-page\" data-elementor-id=\"3724\" class=\"elementor elementor-3724\" data-elementor-post-type=\"page\">\n\t\t\t\t<div class=\"elementor-element elementor-element-9b21fba elementor-hidden-desktop e-flex e-con-boxed e-con e-parent\" data-id=\"9b21fba\" data-element_type=\"container\" data-e-type=\"container\">\n\t\t\t\t\t<div class=\"e-con-inner\">\n\t\t\t\t<div class=\"elementor-element elementor-element-7c3449c elementor-widget elementor-widget-image\" data-id=\"7c3449c\" data-element_type=\"widget\" data-e-type=\"widget\" data-widget_type=\"image.default\">\n\t\t\t\t<div class=\"elementor-widget-container\">\n\t\t\t\t\t\t\t\t\t\t\t\t\t\t\t<img fetchpriority=\"high\" decoding=\"async\" width=\"676\" height=\"356\" src=\"https:\/\/mezkla.com\/wp-content\/uploads\/2024\/03\/Contacto_mezkla.png\" class=\"attachment-large size-large wp-image-4902\" alt=\"Contacto_mezkla\" srcset=\"https:\/\/mezkla.com\/wp-content\/uploads\/2024\/03\/Contacto_mezkla.png 676w, https:\/\/mezkla.com\/wp-content\/uploads\/2024\/03\/Contacto_mezkla-300x158.png 300w, https:\/\/mezkla.com\/wp-content\/uploads\/2024\/03\/Contacto_mezkla-18x9.png 18w, https:\/\/mezkla.com\/wp-content\/uploads\/2024\/03\/Contacto_mezkla-600x316.png 600w\" sizes=\"(max-width: 676px) 100vw, 676px\" \/>\t\t\t\t\t\t\t\t\t\t\t\t\t\t\t<\/div>\n\t\t\t\t<\/div>\n\t\t\t\t\t<\/div>\n\t\t\t\t<\/div>\n\t\t<div class=\"elementor-element elementor-element-015ee67 elementor-hidden-desktop e-flex e-con-boxed e-con e-parent\" data-id=\"015ee67\" data-element_type=\"container\" data-e-type=\"container\">\n\t\t\t\t\t<div class=\"e-con-inner\">\n\t\t\t\t<div class=\"elementor-element elementor-element-93f419d elementor-widget elementor-widget-heading\" data-id=\"93f419d\" data-element_type=\"widget\" data-e-type=\"widget\" data-widget_type=\"heading.default\">\n\t\t\t\t<div class=\"elementor-widget-container\">\n\t\t\t\t\t<h2 class=\"elementor-heading-title elementor-size-default\">The mystical wisdom of spices informs everyone and everything. Together we can reach new blends. Imagination is overpowering. Let's explore sensoriality combined with intuition. Look for us to narrate your internal and external spaces through scents and flavors. Spices are great storytellers of our history. We are at service. Come closer to them. Come closer to us.<\/h2>\t\t\t\t<\/div>\n\t\t\t\t<\/div>\n\t\t\t\t\t<\/div>\n\t\t\t\t<\/div>\n\t\t<div class=\"elementor-element elementor-element-8276a92 elementor-hidden-mobile e-flex e-con-boxed e-con e-parent\" data-id=\"8276a92\" data-element_type=\"container\" data-e-type=\"container\" data-settings=\"{&quot;background_background&quot;:&quot;classic&quot;}\">\n\t\t\t\t\t<div class=\"e-con-inner\">\n\t\t<div class=\"elementor-element elementor-element-6910df7 e-con-full e-flex e-con e-child\" data-id=\"6910df7\" data-element_type=\"container\" data-e-type=\"container\" data-settings=\"{&quot;background_background&quot;:&quot;classic&quot;}\">\n\t\t\t\t<div class=\"elementor-element elementor-element-3088170 elementor-widget elementor-widget-image\" data-id=\"3088170\" data-element_type=\"widget\" data-e-type=\"widget\" data-widget_type=\"image.default\">\n\t\t\t\t<div class=\"elementor-widget-container\">\n\t\t\t\t\t\t\t\t\t\t\t\t\t\t\t<img decoding=\"async\" width=\"676\" height=\"356\" src=\"https:\/\/mezkla.com\/wp-content\/uploads\/2024\/03\/Contacto_mezkla.png\" class=\"attachment-full size-full wp-image-4902\" alt=\"Contacto_mezkla\" srcset=\"https:\/\/mezkla.com\/wp-content\/uploads\/2024\/03\/Contacto_mezkla.png 676w, https:\/\/mezkla.com\/wp-content\/uploads\/2024\/03\/Contacto_mezkla-300x158.png 300w, https:\/\/mezkla.com\/wp-content\/uploads\/2024\/03\/Contacto_mezkla-18x9.png 18w, https:\/\/mezkla.com\/wp-content\/uploads\/2024\/03\/Contacto_mezkla-600x316.png 600w\" sizes=\"(max-width: 676px) 100vw, 676px\" \/>\t\t\t\t\t\t\t\t\t\t\t\t\t\t\t<\/div>\n\t\t\t\t<\/div>\n\t\t\t\t<\/div>\n\t\t<div class=\"elementor-element elementor-element-76dc8d3 e-con-full e-flex e-con e-child\" data-id=\"76dc8d3\" data-element_type=\"container\" data-e-type=\"container\">\n\t\t<div class=\"elementor-element elementor-element-dfef172 e-flex e-con-boxed e-con e-child\" data-id=\"dfef172\" data-element_type=\"container\" data-e-type=\"container\" data-settings=\"{&quot;background_background&quot;:&quot;classic&quot;}\">\n\t\t\t\t\t<div class=\"e-con-inner\">\n\t\t\t\t<div class=\"elementor-element elementor-element-deb0f50 elementor-widget elementor-widget-image\" data-id=\"deb0f50\" data-element_type=\"widget\" data-e-type=\"widget\" data-widget_type=\"image.default\">\n\t\t\t\t<div class=\"elementor-widget-container\">\n\t\t\t\t\t\t\t\t\t\t\t\t\t\t\t<img decoding=\"async\" width=\"200\" height=\"200\" src=\"https:\/\/mezkla.com\/wp-content\/uploads\/2024\/01\/BLANCO.jpg\" class=\"attachment-large size-large wp-image-3730\" alt=\"\" srcset=\"https:\/\/mezkla.com\/wp-content\/uploads\/2024\/01\/BLANCO.jpg 200w, https:\/\/mezkla.com\/wp-content\/uploads\/2024\/01\/BLANCO-100x100.jpg 100w, https:\/\/mezkla.com\/wp-content\/uploads\/2024\/01\/BLANCO-150x150.jpg 150w\" sizes=\"(max-width: 200px) 100vw, 200px\" \/>\t\t\t\t\t\t\t\t\t\t\t\t\t\t\t<\/div>\n\t\t\t\t<\/div>\n\t\t\t\t\t<\/div>\n\t\t\t\t<\/div>\n\t\t<div class=\"elementor-element elementor-element-e8983b6 e-flex e-con-boxed e-con e-child\" data-id=\"e8983b6\" data-element_type=\"container\" data-e-type=\"container\" data-settings=\"{&quot;background_background&quot;:&quot;classic&quot;}\">\n\t\t\t\t\t<div class=\"e-con-inner\">\n\t\t\t\t<div class=\"elementor-element elementor-element-113639c elementor-widget elementor-widget-heading\" data-id=\"113639c\" data-element_type=\"widget\" data-e-type=\"widget\" data-widget_type=\"heading.default\">\n\t\t\t\t<div class=\"elementor-widget-container\">\n\t\t\t\t\t<h2 class=\"elementor-heading-title elementor-size-default\">The mystical wisdom of spices informs everyone and everything. Together we can reach new blends. Imagination is overpowering. Let's explore sensoriality combined with intuition. Look for us to narrate your internal and external spaces through scents and flavors. Spices are great storytellers of our history. We are at service. Come closer to them. Come closer to us.<\/h2>\t\t\t\t<\/div>\n\t\t\t\t<\/div>\n\t\t\t\t\t<\/div>\n\t\t\t\t<\/div>\n\t\t\t\t<\/div>\n\t\t\t\t\t<\/div>\n\t\t\t\t<\/div>\n\t\t\t\t<\/div>","protected":false},"excerpt":{"rendered":"<p>La sabidur\u00eda m\u00edstica de las especias informa a todos y a todo. Juntos podemos alcanzar nuevas mezklas. La imaginaci\u00f3n es avasalladora. Exploremos la sensorialidad unida a la intuici\u00f3n. B\u00fascanos para relatar tus espacios internos y externos a trav\u00e9s de olores y sabores. Las especias son grandes narradoras de nuestra historia. Estamos al servicio. Ac\u00e9rcate a [&hellip;]<\/p>\n","protected":false},"author":1,"featured_media":0,"parent":0,"menu_order":0,"comment_status":"closed","ping_status":"closed","template":"elementor_header_footer","meta":{"site-sidebar-layout":"no-sidebar","site-content-layout":"page-builder","ast-site-content-layout":"full-width-container","site-content-style":"default","site-sidebar-style":"default","ast-global-header-display":"","ast-banner-title-visibility":"","ast-main-header-display":"","ast-hfb-above-header-display":"","ast-hfb-below-header-display":"","ast-hfb-mobile-header-display":"","site-post-title":"disabled","ast-breadcrumbs-content":"","ast-featured-img":"disabled","footer-sml-layout":"","theme-transparent-header-meta":"","adv-header-id-meta":"","stick-header-meta":"","header-above-stick-meta":"","header-main-stick-meta":"","header-below-stick-meta":"","astra-migrate-meta-layouts":"set","ast-page-background-enabled":"default","ast-page-background-meta":{"desktop":{"background-color":"var(--ast-global-color-4)","background-image":"","background-repeat":"repeat","background-position":"center center","background-size":"auto","background-attachment":"scroll","background-type":"","background-media":"","overlay-type":"","overlay-color":"","overlay-opacity":"","overlay-gradient":""},"tablet":{"background-color":"","background-image":"","background-repeat":"repeat","background-position":"center center","background-size":"auto","background-attachment":"scroll","background-type":"","background-media":"","overlay-type":"","overlay-color":"","overlay-opacity":"","overlay-gradient":""},"mobile":{"background-color":"","background-image":"","background-repeat":"repeat","background-position":"center center","background-size":"auto","background-attachment":"scroll","background-type":"","background-media":"","overlay-type":"","overlay-color":"","overlay-opacity":"","overlay-gradient":""}},"ast-content-background-meta":{"desktop":{"background-color":"var(--ast-global-color-5)","background-image":"","background-repeat":"repeat","background-position":"center center","background-size":"auto","background-attachment":"scroll","background-type":"","background-media":"","overlay-type":"","overlay-color":"","overlay-opacity":"","overlay-gradient":""},"tablet":{"background-color":"var(--ast-global-color-5)","background-image":"","background-repeat":"repeat","background-position":"center center","background-size":"auto","background-attachment":"scroll","background-type":"","background-media":"","overlay-type":"","overlay-color":"","overlay-opacity":"","overlay-gradient":""},"mobile":{"background-color":"var(--ast-global-color-5)","background-image":"","background-repeat":"repeat","background-position":"center center","background-size":"auto","background-attachment":"scroll","background-type":"","background-media":"","overlay-type":"","overlay-color":"","overlay-opacity":"","overlay-gradient":""}},"footnotes":""},"class_list":["post-3724","page","type-page","status-publish","hentry"],"_links":{"self":[{"href":"https:\/\/mezkla.com\/eng\/wp-json\/wp\/v2\/pages\/3724","targetHints":{"allow":["GET"]}}],"collection":[{"href":"https:\/\/mezkla.com\/eng\/wp-json\/wp\/v2\/pages"}],"about":[{"href":"https:\/\/mezkla.com\/eng\/wp-json\/wp\/v2\/types\/page"}],"author":[{"embeddable":true,"href":"https:\/\/mezkla.com\/eng\/wp-json\/wp\/v2\/users\/1"}],"replies":[{"embeddable":true,"href":"https:\/\/mezkla.com\/eng\/wp-json\/wp\/v2\/comments?post=3724"}],"version-history":[{"count":46,"href":"https:\/\/mezkla.com\/eng\/wp-json\/wp\/v2\/pages\/3724\/revisions"}],"predecessor-version":[{"id":5296,"href":"https:\/\/mezkla.com\/eng\/wp-json\/wp\/v2\/pages\/3724\/revisions\/5296"}],"wp:attachment":[{"href":"https:\/\/mezkla.com\/eng\/wp-json\/wp\/v2\/media?parent=3724"}],"curies":[{"name":"wp","href":"https:\/\/api.w.org\/{rel}","templated":true}]}}