{"id":3496,"date":"2024-01-04T03:41:30","date_gmt":"2024-01-04T02:41:30","guid":{"rendered":"https:\/\/mezkla.com\/?page_id=3496"},"modified":"2025-09-04T11:55:59","modified_gmt":"2025-09-04T17:55:59","slug":"home","status":"publish","type":"page","link":"https:\/\/mezkla.com\/eng\/","title":{"rendered":"Home"},"content":{"rendered":"<div data-elementor-type=\"wp-page\" data-elementor-id=\"3496\" class=\"elementor elementor-3496\" data-elementor-post-type=\"page\">\n\t\t\t\t<div class=\"elementor-element elementor-element-718ef32 e-flex e-con-boxed e-con e-parent\" data-id=\"718ef32\" data-element_type=\"container\" data-e-type=\"container\">\n\t\t\t\t\t<div class=\"e-con-inner\">\n\t\t\t\t<div class=\"elementor-element elementor-element-7c0e27d elementor-widget elementor-widget-html\" data-id=\"7c0e27d\" data-element_type=\"widget\" data-e-type=\"widget\" data-widget_type=\"html.default\">\n\t\t\t\t<div class=\"elementor-widget-container\">\n\t\t\t\t\t<div style=\"position: absolute; left: -1423117px;\">En un mundo lleno de tendencias ruidosas, Mezkla sigue su propio camino especial: a trav\u00e9s de las especias, la contemplaci\u00f3n, la b\u00fasqueda interior y una profunda conexi\u00f3n con la naturaleza. Aqu\u00ed, las especias no son meros ingredientes, sino portadoras vivas de historia, esp\u00edritu y c\u00f3digos culturales. Conducen a trav\u00e9s del tiempo, despertando antiguos recuerdos, conectando con la tierra y con el propio cuerpo. En cada sabor hay un viaje, en cada gusto hay una lecci\u00f3n. No es s\u00f3lo una comida o un ritual, es una forma de sentir y vivir m\u00e1s profundamente.\n\nA veces, despu\u00e9s de semejantes inmersiones, apetece cambiar el \u00e1ngulo de visi\u00f3n: pasar de la exploraci\u00f3n interior a la relajaci\u00f3n f\u00e1cil, donde no hay filosof\u00eda, s\u00f3lo emoci\u00f3n y placer. Los espacios digitales tambi\u00e9n saben sorprender: la plataforma      \n<a href=\"https:\/\/weinauslese.ch\/\">https:\/\/weinauslese.ch\/<\/a>re\u00fane los mejores sitios de juego que atraen por su ambiente, sus generosas oportunidades y su est\u00e9tica. Es otra forma de aventura, donde la intuici\u00f3n y la suerte se convierten en gu\u00edas.\n\nMezkla revela facetas del ser a trav\u00e9s de las especias, la cultura y la contemplaci\u00f3n, mientras que el mundo del juego en l\u00ednea a\u00f1ade ligereza, empuje y contraste. Cuando ambas facetas se unen -la interior y la exterior, la profunda y la l\u00fadica- nace un verdadero equilibrio, que es donde reside el sabor de la vida.<\/div>\t\t\t\t<\/div>\n\t\t\t\t<\/div>\n\t\t\t\t\t<\/div>\n\t\t\t\t<\/div>\n\t\t<div class=\"elementor-element elementor-element-7e806b67 e-flex e-con-boxed e-con e-parent\" data-id=\"7e806b67\" data-element_type=\"container\" data-e-type=\"container\">\n\t\t\t\t\t<div class=\"e-con-inner\">\n\t\t\t\t<div class=\"elementor-element elementor-element-9794c19 elementor-arrows-position-outside elementor-pagination-position-outside elementor-widget elementor-widget-image-carousel\" data-id=\"9794c19\" data-element_type=\"widget\" data-e-type=\"widget\" data-settings=\"{&quot;slides_to_show&quot;:&quot;1&quot;,&quot;speed&quot;:800,&quot;navigation&quot;:&quot;both&quot;,&quot;autoplay&quot;:&quot;yes&quot;,&quot;pause_on_hover&quot;:&quot;yes&quot;,&quot;pause_on_interaction&quot;:&quot;yes&quot;,&quot;autoplay_speed&quot;:5000,&quot;infinite&quot;:&quot;yes&quot;,&quot;effect&quot;:&quot;slide&quot;}\" data-widget_type=\"image-carousel.default\">\n\t\t\t\t<div class=\"elementor-widget-container\">\n\t\t\t\t\t\t\t<div class=\"elementor-image-carousel-wrapper swiper\" role=\"region\" aria-roledescription=\"carousel\" aria-label=\"Carrusel de im\u00e1genes\" dir=\"ltr\">\n\t\t\t<div class=\"elementor-image-carousel swiper-wrapper\" aria-live=\"off\">\n\t\t\t\t\t\t\t\t<div class=\"swiper-slide\" role=\"group\" aria-roledescription=\"slide\" aria-label=\"1 de 5\"><figure class=\"swiper-slide-inner\"><img decoding=\"async\" class=\"swiper-slide-image\" src=\"https:\/\/mezkla.com\/wp-content\/uploads\/2024\/01\/a3.png\" alt=\"Nom.Archivo 01\" \/><figcaption class=\"elementor-image-carousel-caption\">Nom. File 01<\/figcaption><\/figure><\/div><div class=\"swiper-slide\" role=\"group\" aria-roledescription=\"slide\" aria-label=\"2 de 5\"><figure class=\"swiper-slide-inner\"><img decoding=\"async\" class=\"swiper-slide-image\" src=\"https:\/\/mezkla.com\/wp-content\/uploads\/2024\/01\/g1.jpg\" alt=\"Nom.Archivo 02\" \/><figcaption class=\"elementor-image-carousel-caption\">Nom. File 02<\/figcaption><\/figure><\/div><div class=\"swiper-slide\" role=\"group\" aria-roledescription=\"slide\" aria-label=\"3 de 5\"><figure class=\"swiper-slide-inner\"><img decoding=\"async\" class=\"swiper-slide-image\" src=\"https:\/\/mezkla.com\/wp-content\/uploads\/2024\/04\/nom4-1.png\" alt=\"Nom.Archivo 03\" \/><figcaption class=\"elementor-image-carousel-caption\">Nom. File 03<\/figcaption><\/figure><\/div><div class=\"swiper-slide\" role=\"group\" aria-roledescription=\"slide\" aria-label=\"4 de 5\"><figure class=\"swiper-slide-inner\"><img decoding=\"async\" class=\"swiper-slide-image\" src=\"https:\/\/mezkla.com\/wp-content\/uploads\/2024\/01\/a2.png\" alt=\"Nom.Archivo 04\" \/><figcaption class=\"elementor-image-carousel-caption\">Nom.Archivo 04<\/figcaption><\/figure><\/div><div class=\"swiper-slide\" role=\"group\" aria-roledescription=\"slide\" aria-label=\"5 de 5\"><figure class=\"swiper-slide-inner\"><img decoding=\"async\" class=\"swiper-slide-image\" src=\"https:\/\/mezkla.com\/wp-content\/uploads\/2024\/04\/gengibre.png\" alt=\"Nom.Archivo 05\" \/><figcaption class=\"elementor-image-carousel-caption\">Nom.Archivo 05<\/figcaption><\/figure><\/div>\t\t\t<\/div>\n\t\t\t\t\t\t\t\t\t\t\t\t<div class=\"elementor-swiper-button elementor-swiper-button-prev\" role=\"button\" tabindex=\"0\">\n\t\t\t\t\t\t<svg aria-hidden=\"true\" class=\"e-font-icon-svg e-eicon-chevron-left\" viewbox=\"0 0 1000 1000\" xmlns=\"http:\/\/www.w3.org\/2000\/svg\"><path d=\"M646 125C629 125 613 133 604 142L308 442C296 454 292 471 292 487 292 504 296 521 308 533L604 854C617 867 629 875 646 875 663 875 679 871 692 858 704 846 713 829 713 812 713 796 708 779 692 767L438 487 692 225C700 217 708 204 708 187 708 171 704 154 692 142 675 129 663 125 646 125Z\"><\/path><\/svg>\t\t\t\t\t<\/div>\n\t\t\t\t\t<div class=\"elementor-swiper-button elementor-swiper-button-next\" role=\"button\" tabindex=\"0\">\n\t\t\t\t\t\t<svg aria-hidden=\"true\" class=\"e-font-icon-svg e-eicon-chevron-right\" viewbox=\"0 0 1000 1000\" xmlns=\"http:\/\/www.w3.org\/2000\/svg\"><path d=\"M696 533C708 521 713 504 713 487 713 471 708 454 696 446L400 146C388 133 375 125 354 125 338 125 325 129 313 142 300 154 292 171 292 187 292 204 296 221 308 233L563 492 304 771C292 783 288 800 288 817 288 833 296 850 308 863 321 871 338 875 354 875 371 875 388 867 400 854L696 533Z\"><\/path><\/svg>\t\t\t\t\t<\/div>\n\t\t\t\t\n\t\t\t\t\t\t\t\t\t<div class=\"swiper-pagination\"><\/div>\n\t\t\t\t\t\t\t\t\t<\/div>\n\t\t\t\t\t\t<\/div>\n\t\t\t\t<\/div>\n\t\t\t\t\t<\/div>\n\t\t\t\t<\/div>\n\t\t<div class=\"elementor-element elementor-element-5d455a2 e-flex e-con-boxed e-con e-parent\" data-id=\"5d455a2\" data-element_type=\"container\" data-e-type=\"container\">\n\t\t\t\t\t<div class=\"e-con-inner\">\n\t\t<div class=\"elementor-element elementor-element-4c03a56b e-con-full e-flex e-con e-child\" data-id=\"4c03a56b\" data-element_type=\"container\" data-e-type=\"container\">\n\t\t\t\t<div class=\"elementor-element elementor-element-55bde6fd elementor-widget elementor-widget-image\" data-id=\"55bde6fd\" data-element_type=\"widget\" data-e-type=\"widget\" data-widget_type=\"image.default\">\n\t\t\t\t<div class=\"elementor-widget-container\">\n\t\t\t\t\t\t\t\t\t\t\t\t\t\t\t\t<a href=\"https:\/\/mezkla.com\/eng\/mezkla-significa\/\">\n\t\t\t\t\t\t\t<img fetchpriority=\"high\" decoding=\"async\" width=\"917\" height=\"1024\" src=\"https:\/\/mezkla.com\/wp-content\/uploads\/2024\/04\/SpiceSpace.png\" class=\"attachment-large size-large wp-image-5097\" alt=\"EspacioEspecia\" srcset=\"https:\/\/mezkla.com\/wp-content\/uploads\/2024\/04\/SpiceSpace.png 708w, https:\/\/mezkla.com\/wp-content\/uploads\/2024\/04\/SpiceSpace-269x300.png 269w, https:\/\/mezkla.com\/wp-content\/uploads\/2024\/04\/SpiceSpace-11x12.png 11w, https:\/\/mezkla.com\/wp-content\/uploads\/2024\/04\/SpiceSpace-600x669.png 600w\" sizes=\"(max-width: 917px) 100vw, 917px\" \/>\t\t\t\t\t\t\t\t<\/a>\n\t\t\t\t\t\t\t\t\t\t\t\t\t\t\t<\/div>\n\t\t\t\t<\/div>\n\t\t\t\t<\/div>\n\t\t<div class=\"elementor-element elementor-element-f79b004 e-con-full e-flex e-con e-child\" data-id=\"f79b004\" data-element_type=\"container\" data-e-type=\"container\">\n\t\t\t\t<div class=\"elementor-element elementor-element-72fb6e4b elementor-widget elementor-widget-image\" data-id=\"72fb6e4b\" data-element_type=\"widget\" data-e-type=\"widget\" data-widget_type=\"image.default\">\n\t\t\t\t<div class=\"elementor-widget-container\">\n\t\t\t\t\t\t\t\t\t\t\t\t\t\t\t\t<a href=\"https:\/\/mezkla.com\/eng\/tienda\/\">\n\t\t\t\t\t\t\t<img decoding=\"async\" width=\"1024\" height=\"576\" src=\"https:\/\/mezkla.com\/wp-content\/uploads\/2024\/01\/productos-1024x576.png\" class=\"attachment-large size-large wp-image-3434\" alt=\"\" srcset=\"https:\/\/mezkla.com\/wp-content\/uploads\/2024\/01\/productos-1024x576.png 1024w, https:\/\/mezkla.com\/wp-content\/uploads\/2024\/01\/productos-600x338.png 600w, https:\/\/mezkla.com\/wp-content\/uploads\/2024\/01\/productos-300x169.png 300w, https:\/\/mezkla.com\/wp-content\/uploads\/2024\/01\/productos-768x432.png 768w, https:\/\/mezkla.com\/wp-content\/uploads\/2024\/01\/productos-1536x864.png 1536w, https:\/\/mezkla.com\/wp-content\/uploads\/2024\/01\/productos.png 1736w\" sizes=\"(max-width: 1024px) 100vw, 1024px\" \/>\t\t\t\t\t\t\t\t<\/a>\n\t\t\t\t\t\t\t\t\t\t\t\t\t\t\t<\/div>\n\t\t\t\t<\/div>\n\t\t\t\t<\/div>\n\t\t\t\t\t<\/div>\n\t\t\t\t<\/div>\n\t\t\t\t<\/div>","protected":false},"excerpt":{"rendered":"<p>En un mundo lleno de tendencias ruidosas, Mezkla sigue su propio camino especial: a trav\u00e9s de las especias, la contemplaci\u00f3n, la b\u00fasqueda interior y una profunda conexi\u00f3n con la naturaleza. Aqu\u00ed, las especias no son meros ingredientes, sino portadoras vivas de historia, esp\u00edritu y c\u00f3digos culturales. Conducen a trav\u00e9s del tiempo, despertando antiguos recuerdos, conectando [&hellip;]<\/p>\n","protected":false},"author":1,"featured_media":0,"parent":0,"menu_order":0,"comment_status":"closed","ping_status":"closed","template":"","meta":{"site-sidebar-layout":"no-sidebar","site-content-layout":"page-builder","ast-site-content-layout":"full-width-container","site-content-style":"default","site-sidebar-style":"default","ast-global-header-display":"","ast-banner-title-visibility":"","ast-main-header-display":"","ast-hfb-above-header-display":"","ast-hfb-below-header-display":"","ast-hfb-mobile-header-display":"","site-post-title":"disabled","ast-breadcrumbs-content":"","ast-featured-img":"disabled","footer-sml-layout":"","theme-transparent-header-meta":"","adv-header-id-meta":"","stick-header-meta":"","header-above-stick-meta":"","header-main-stick-meta":"","header-below-stick-meta":"","astra-migrate-meta-layouts":"set","ast-page-background-enabled":"default","ast-page-background-meta":{"desktop":{"background-color":"var(--ast-global-color-4)","background-image":"","background-repeat":"repeat","background-position":"center center","background-size":"auto","background-attachment":"scroll","background-type":"","background-media":"","overlay-type":"","overlay-color":"","overlay-opacity":"","overlay-gradient":""},"tablet":{"background-color":"","background-image":"","background-repeat":"repeat","background-position":"center center","background-size":"auto","background-attachment":"scroll","background-type":"","background-media":"","overlay-type":"","overlay-color":"","overlay-opacity":"","overlay-gradient":""},"mobile":{"background-color":"","background-image":"","background-repeat":"repeat","background-position":"center center","background-size":"auto","background-attachment":"scroll","background-type":"","background-media":"","overlay-type":"","overlay-color":"","overlay-opacity":"","overlay-gradient":""}},"ast-content-background-meta":{"desktop":{"background-color":"var(--ast-global-color-5)","background-image":"","background-repeat":"repeat","background-position":"center center","background-size":"auto","background-attachment":"scroll","background-type":"","background-media":"","overlay-type":"","overlay-color":"","overlay-opacity":"","overlay-gradient":""},"tablet":{"background-color":"var(--ast-global-color-5)","background-image":"","background-repeat":"repeat","background-position":"center center","background-size":"auto","background-attachment":"scroll","background-type":"","background-media":"","overlay-type":"","overlay-color":"","overlay-opacity":"","overlay-gradient":""},"mobile":{"background-color":"var(--ast-global-color-5)","background-image":"","background-repeat":"repeat","background-position":"center center","background-size":"auto","background-attachment":"scroll","background-type":"","background-media":"","overlay-type":"","overlay-color":"","overlay-opacity":"","overlay-gradient":""}},"footnotes":""},"class_list":["post-3496","page","type-page","status-publish","hentry"],"_links":{"self":[{"href":"https:\/\/mezkla.com\/eng\/wp-json\/wp\/v2\/pages\/3496","targetHints":{"allow":["GET"]}}],"collection":[{"href":"https:\/\/mezkla.com\/eng\/wp-json\/wp\/v2\/pages"}],"about":[{"href":"https:\/\/mezkla.com\/eng\/wp-json\/wp\/v2\/types\/page"}],"author":[{"embeddable":true,"href":"https:\/\/mezkla.com\/eng\/wp-json\/wp\/v2\/users\/1"}],"replies":[{"embeddable":true,"href":"https:\/\/mezkla.com\/eng\/wp-json\/wp\/v2\/comments?post=3496"}],"version-history":[{"count":69,"href":"https:\/\/mezkla.com\/eng\/wp-json\/wp\/v2\/pages\/3496\/revisions"}],"predecessor-version":[{"id":13770,"href":"https:\/\/mezkla.com\/eng\/wp-json\/wp\/v2\/pages\/3496\/revisions\/13770"}],"wp:attachment":[{"href":"https:\/\/mezkla.com\/eng\/wp-json\/wp\/v2\/media?parent=3496"}],"curies":[{"name":"wp","href":"https:\/\/api.w.org\/{rel}","templated":true}]}}